{"id":18,"date":"2025-02-15T19:40:30","date_gmt":"2025-02-15T19:40:30","guid":{"rendered":"https:\/\/imrinstall.es\/?page_id=18"},"modified":"2025-02-21T11:34:59","modified_gmt":"2025-02-21T11:34:59","slug":"proximamente","status":"publish","type":"page","link":"https:\/\/imrinstall.es\/en\/proximamente\/","title":{"rendered":"Pr\u00f3ximamente"},"content":{"rendered":"<div data-elementor-type=\"wp-page\" data-elementor-id=\"18\" class=\"elementor elementor-18\" data-elementor-post-type=\"page\">\n\t\t\t\t\t\t<section class=\"elementor-section elementor-top-section elementor-element elementor-element-38aade77 elementor-section-height-full elementor-section-boxed elementor-section-height-default elementor-section-items-middle\" data-id=\"38aade77\" data-element_type=\"section\" data-e-type=\"section\" data-settings=\"{&quot;background_background&quot;:&quot;classic&quot;}\">\n\t\t\t\t\t\t\t<div class=\"elementor-background-overlay\"><\/div>\n\t\t\t\t\t\t\t<div class=\"elementor-container elementor-column-gap-default\">\n\t\t\t\t\t<div class=\"elementor-column elementor-col-50 elementor-top-column elementor-element elementor-element-5a22bb3c\" data-id=\"5a22bb3c\" data-element_type=\"column\" data-e-type=\"column\">\n\t\t\t<div class=\"elementor-widget-wrap elementor-element-populated\">\n\t\t\t\t\t\t<div class=\"elementor-element elementor-element-28c17dbb elementor-invisible elementor-widget elementor-widget-heading\" data-id=\"28c17dbb\" data-element_type=\"widget\" data-e-type=\"widget\" data-settings=\"{&quot;_animation&quot;:&quot;fadeIn&quot;,&quot;_animation_delay&quot;:50}\" data-widget_type=\"heading.default\">\n\t\t\t\t<div class=\"elementor-widget-container\">\n\t\t\t\t\t<h2 class=\"elementor-heading-title elementor-size-default\">PR\u00d3XIMAMENTE<\/h2>\t\t\t\t<\/div>\n\t\t\t\t<\/div>\n\t\t\t\t<div class=\"elementor-element elementor-element-62ade6d3 elementor-invisible elementor-widget elementor-widget-heading\" data-id=\"62ade6d3\" data-element_type=\"widget\" data-e-type=\"widget\" data-settings=\"{&quot;_animation&quot;:&quot;fadeIn&quot;,&quot;_animation_delay&quot;:50}\" data-widget_type=\"heading.default\">\n\t\t\t\t<div class=\"elementor-widget-container\">\n\t\t\t\t\t<h2 class=\"elementor-heading-title elementor-size-default\">\u00a1Estamos trabajando en algo incre\u00edble!<\/h2>\t\t\t\t<\/div>\n\t\t\t\t<\/div>\n\t\t\t\t<div class=\"elementor-element elementor-element-7b77121 elementor-widget elementor-widget-spacer\" data-id=\"7b77121\" data-element_type=\"widget\" data-e-type=\"widget\" data-widget_type=\"spacer.default\">\n\t\t\t\t<div class=\"elementor-widget-container\">\n\t\t\t\t\t\t\t<div class=\"elementor-spacer\">\n\t\t\t<div class=\"elementor-spacer-inner\"><\/div>\n\t\t<\/div>\n\t\t\t\t\t\t<\/div>\n\t\t\t\t<\/div>\n\t\t\t\t<div class=\"elementor-element elementor-element-2146d39 elementor-widget elementor-widget-image\" data-id=\"2146d39\" data-element_type=\"widget\" data-e-type=\"widget\" data-widget_type=\"image.default\">\n\t\t\t\t<div class=\"elementor-widget-container\">\n\t\t\t\t\t\t\t\t\t\t\t\t\t\t\t<img fetchpriority=\"high\" decoding=\"async\" width=\"500\" height=\"247\" src=\"https:\/\/imrinstall.es\/wp-content\/uploads\/2025\/02\/Logotipo_IMR.png\" class=\"attachment-large size-large wp-image-16\" alt=\"\" srcset=\"https:\/\/imrinstall.es\/wp-content\/uploads\/2025\/02\/Logotipo_IMR.png 500w, https:\/\/imrinstall.es\/wp-content\/uploads\/2025\/02\/Logotipo_IMR-300x148.png 300w\" sizes=\"(max-width: 500px) 100vw, 500px\" \/>\t\t\t\t\t\t\t\t\t\t\t\t\t\t\t<\/div>\n\t\t\t\t<\/div>\n\t\t\t\t\t<\/div>\n\t\t<\/div>\n\t\t\t\t<div class=\"elementor-column elementor-col-50 elementor-top-column elementor-element elementor-element-364b83c1\" data-id=\"364b83c1\" data-element_type=\"column\" data-e-type=\"column\">\n\t\t\t<div class=\"elementor-widget-wrap elementor-element-populated\">\n\t\t\t\t\t\t<div class=\"elementor-element elementor-element-465bdf3a elementor-widget elementor-widget-text-editor\" data-id=\"465bdf3a\" data-element_type=\"widget\" data-e-type=\"widget\" data-widget_type=\"text-editor.default\">\n\t\t\t\t<div class=\"elementor-widget-container\">\n\t\t\t\t\t\t\t\t\t<p data-pm-slice=\"1 1 []\">En IMR Install, nos dedicamos a ofrecer soluciones integrales en <strong>electricity and plumbing<\/strong> con la m\u00e1xima calidad y profesionalismo. Estamos preparando nuestro nuevo sitio web para brindarte una experiencia m\u00e1s completa, intuitiva y accesible.<\/p>\t\t\t\t\t\t\t\t<\/div>\n\t\t\t\t<\/div>\n\t\t\t\t<section class=\"elementor-section elementor-inner-section elementor-element elementor-element-508ab0c elementor-section-boxed elementor-section-height-default elementor-section-height-default\" data-id=\"508ab0c\" data-element_type=\"section\" data-e-type=\"section\">\n\t\t\t\t\t\t<div class=\"elementor-container elementor-column-gap-default\">\n\t\t\t\t\t<div class=\"elementor-column elementor-col-50 elementor-inner-column elementor-element elementor-element-2046f636\" data-id=\"2046f636\" data-element_type=\"column\" data-e-type=\"column\">\n\t\t\t<div class=\"elementor-widget-wrap elementor-element-populated\">\n\t\t\t\t\t\t<div class=\"elementor-element elementor-element-53e7db9f elementor-widget elementor-widget-heading\" data-id=\"53e7db9f\" data-element_type=\"widget\" data-e-type=\"widget\" data-widget_type=\"heading.default\">\n\t\t\t\t<div class=\"elementor-widget-container\">\n\t\t\t\t\t<h2 class=\"elementor-heading-title elementor-size-default\">\u00bfQu\u00e9 encontrar\u00e1s en nuestro nuevo sitio web?<\/h2>\t\t\t\t<\/div>\n\t\t\t\t<\/div>\n\t\t\t\t<div class=\"elementor-element elementor-element-44d16e9d elementor-widget elementor-widget-text-editor\" data-id=\"44d16e9d\" data-element_type=\"widget\" data-e-type=\"widget\" data-widget_type=\"text-editor.default\">\n\t\t\t\t<div class=\"elementor-widget-container\">\n\t\t\t\t\t\t\t\t\t<ul><li data-pm-slice=\"1 1 []\">Informaci\u00f3n detallada sobre nuestros servicios en <strong>sectores marinos, oficinas y viviendas<\/strong>.<\/li><li data-pm-slice=\"1 1 []\">Nuestro compromiso con la <strong>sostenibilidad y valores ecol\u00f3gicos<\/strong>.<\/li><li data-pm-slice=\"1 1 []\">Un espacio dedicado a los productos y empresas con las que colaboramos.<\/li><li data-pm-slice=\"1 1 []\">Datos de contacto y acceso directo a nuestro equipo para atender tus necesidades.<\/li><\/ul>\t\t\t\t\t\t\t\t<\/div>\n\t\t\t\t<\/div>\n\t\t\t\t\t<\/div>\n\t\t<\/div>\n\t\t\t\t<div class=\"elementor-column elementor-col-50 elementor-inner-column elementor-element elementor-element-4fe89c60\" data-id=\"4fe89c60\" data-element_type=\"column\" data-e-type=\"column\">\n\t\t\t<div class=\"elementor-widget-wrap elementor-element-populated\">\n\t\t\t\t\t\t<div class=\"elementor-element elementor-element-2373122 elementor-widget elementor-widget-heading\" data-id=\"2373122\" data-element_type=\"widget\" data-e-type=\"widget\" data-widget_type=\"heading.default\">\n\t\t\t\t<div class=\"elementor-widget-container\">\n\t\t\t\t\t<h2 class=\"elementor-heading-title elementor-size-default\">\u00a1Mantente atento!<\/h2>\t\t\t\t<\/div>\n\t\t\t\t<\/div>\n\t\t\t\t<div class=\"elementor-element elementor-element-6d1841c1 elementor-widget elementor-widget-text-editor\" data-id=\"6d1841c1\" data-element_type=\"widget\" data-e-type=\"widget\" data-widget_type=\"text-editor.default\">\n\t\t\t\t<div class=\"elementor-widget-container\">\n\t\t\t\t\t\t\t\t\t<p data-pm-slice=\"1 1 []\">Estamos ultimando los detalles para que disfrutes de una plataforma funcional y optimizada.&nbsp;<\/p><p data-pm-slice=\"1 1 []\"><span style=\"font-family: var( --e-global-typography-text-font-family ), Sans-serif; font-size: var( --e-global-typography-text-font-size ); font-weight: var( --e-global-typography-text-font-weight );\">Mientras tanto, puedes <\/span><strong style=\"font-family: var( --e-global-typography-text-font-family ), Sans-serif; font-size: var( --e-global-typography-text-font-size );\">contactarnos directamente<\/strong><span style=\"font-family: var( --e-global-typography-text-font-family ), Sans-serif; font-size: var( --e-global-typography-text-font-size ); font-weight: var( --e-global-typography-text-font-weight );\"> a trav\u00e9s de:&nbsp;<\/span><\/p>\n<p data-pm-slice=\"1 1 []\"><strong>Email:<\/strong> <a>imrinstall@hotmail.com<\/a><\/p>\t\t\t\t\t\t\t\t<\/div>\n\t\t\t\t<\/div>\n\t\t\t\t\t<\/div>\n\t\t<\/div>\n\t\t\t\t\t<\/div>\n\t\t<\/section>\n\t\t\t\t\t<\/div>\n\t\t<\/div>\n\t\t\t\t\t<\/div>\n\t\t<\/section>\n\t\t\t\t<\/div>","protected":false},"excerpt":{"rendered":"<p>PR\u00d3XIMAMENTE \u00a1Estamos trabajando en algo incre\u00edble! En IMR Install, nos dedicamos a ofrecer soluciones integrales en electricidad y fontaner\u00eda con la m\u00e1xima calidad y profesionalismo. Estamos preparando nuestro nuevo sitio web para brindarte una experiencia m\u00e1s completa, intuitiva y accesible. \u00bfQu\u00e9 encontrar\u00e1s en nuestro nuevo sitio web? Informaci\u00f3n detallada sobre nuestros servicios en sectores marinos, [&hellip;]<\/p>","protected":false},"author":2,"featured_media":0,"parent":0,"menu_order":0,"comment_status":"closed","ping_status":"closed","template":"elementor_canvas","meta":{"footnotes":""},"class_list":["post-18","page","type-page","status-publish","hentry"],"_links":{"self":[{"href":"https:\/\/imrinstall.es\/en\/wp-json\/wp\/v2\/pages\/18","targetHints":{"allow":["GET"]}}],"collection":[{"href":"https:\/\/imrinstall.es\/en\/wp-json\/wp\/v2\/pages"}],"about":[{"href":"https:\/\/imrinstall.es\/en\/wp-json\/wp\/v2\/types\/page"}],"author":[{"embeddable":true,"href":"https:\/\/imrinstall.es\/en\/wp-json\/wp\/v2\/users\/2"}],"replies":[{"embeddable":true,"href":"https:\/\/imrinstall.es\/en\/wp-json\/wp\/v2\/comments?post=18"}],"version-history":[{"count":14,"href":"https:\/\/imrinstall.es\/en\/wp-json\/wp\/v2\/pages\/18\/revisions"}],"predecessor-version":[{"id":44,"href":"https:\/\/imrinstall.es\/en\/wp-json\/wp\/v2\/pages\/18\/revisions\/44"}],"wp:attachment":[{"href":"https:\/\/imrinstall.es\/en\/wp-json\/wp\/v2\/media?parent=18"}],"curies":[{"name":"wp","href":"https:\/\/api.w.org\/{rel}","templated":true}]}}